{"id":270,"date":"2024-10-24T08:12:17","date_gmt":"2024-10-24T08:12:17","guid":{"rendered":"https:\/\/www.ecosilver.com.tr\/?page_id=270"},"modified":"2024-11-26T09:32:35","modified_gmt":"2024-11-26T09:32:35","slug":"varis-corabi","status":"publish","type":"page","link":"https:\/\/www.ecosilver.com.tr\/en\/varis-corabi\/","title":{"rendered":"Varicose Stockings"},"content":{"rendered":"<div data-elementor-type=\"wp-page\" data-elementor-id=\"270\" class=\"elementor elementor-270\" data-elementor-post-type=\"page\">\n\t\t\t\t\t\t<section class=\"elementor-section elementor-top-section elementor-element elementor-element-426f815f elementor-section-boxed elementor-section-height-default elementor-section-height-default\" data-id=\"426f815f\" data-element_type=\"section\" data-settings=\"{&quot;background_background&quot;:&quot;classic&quot;}\">\n\t\t\t\t\t\t\t<div class=\"elementor-background-overlay\"><\/div>\n\t\t\t\t\t\t\t<div class=\"elementor-container elementor-column-gap-default\">\n\t\t\t\t\t<div class=\"elementor-column elementor-col-100 elementor-top-column elementor-element elementor-element-192efe34\" data-id=\"192efe34\" data-element_type=\"column\">\n\t\t\t<div class=\"elementor-widget-wrap elementor-element-populated\">\n\t\t\t\t\t\t<div class=\"elementor-element elementor-element-7791a6dc elementor-widget__width-initial elementor-invisible elementor-widget elementor-widget-heading\" data-id=\"7791a6dc\" data-element_type=\"widget\" data-settings=\"{&quot;_animation&quot;:&quot;fadeInLeft&quot;,&quot;_animation_delay&quot;:200}\" data-widget_type=\"heading.default\">\n\t\t\t\t<div class=\"elementor-widget-container\">\n\t\t\t<h4 class=\"elementor-heading-title elementor-size-default\">Silver knit; reduces the heat caused by pressure and makes you feel more refreshed and cool.\n\nIt prevents foot wounds and fungus formation with its antibacterial feature.\n<\/h4>\t\t<\/div>\n\t\t\t\t<\/div>\n\t\t\t\t\t<\/div>\n\t\t<\/div>\n\t\t\t\t\t<\/div>\n\t\t<\/section>\n\t\t<div class=\"elementor-element elementor-element-c286f3c e-flex e-con-boxed e-con e-parent\" data-id=\"c286f3c\" data-element_type=\"container\">\n\t\t\t\t\t<div class=\"e-con-inner\">\n\t\t\t\t<div class=\"elementor-element elementor-element-9b132a7 elementor-widget elementor-widget-heading\" data-id=\"9b132a7\" data-element_type=\"widget\" data-widget_type=\"heading.default\">\n\t\t\t\t<div class=\"elementor-widget-container\">\n\t\t\t<h2 class=\"elementor-heading-title elementor-size-default\">Varicose Stockings<\/h2>\t\t<\/div>\n\t\t\t\t<\/div>\n\t\t\t\t\t<\/div>\n\t\t\t\t<\/div>\n\t\t<div class=\"elementor-element elementor-element-e19e073 e-flex e-con-boxed e-con e-parent\" data-id=\"e19e073\" data-element_type=\"container\">\n\t\t\t\t\t<div class=\"e-con-inner\">\n\t\t\t\t<div class=\"elementor-element elementor-element-ccea915 elementor-widget-divider--view-line elementor-widget elementor-widget-divider\" data-id=\"ccea915\" data-element_type=\"widget\" data-widget_type=\"divider.default\">\n\t\t\t\t<div class=\"elementor-widget-container\">\n\t\t\t\t\t<div class=\"elementor-divider\">\n\t\t\t<span class=\"elementor-divider-separator\">\n\t\t\t\t\t\t<\/span>\n\t\t<\/div>\n\t\t\t\t<\/div>\n\t\t\t\t<\/div>\n\t\t\t\t\t<\/div>\n\t\t\t\t<\/div>\n\t\t<div class=\"elementor-element elementor-element-5ee94d8 e-flex e-con-boxed e-con e-parent\" data-id=\"5ee94d8\" data-element_type=\"container\">\n\t\t\t\t\t<div class=\"e-con-inner\">\n\t\t<div class=\"elementor-element elementor-element-0af3586 e-con-full e-flex e-con e-child\" data-id=\"0af3586\" data-element_type=\"container\">\n\t\t<div class=\"elementor-element elementor-element-4a39188 e-con-full e-flex e-con e-child\" data-id=\"4a39188\" data-element_type=\"container\">\n\t\t\t\t<div class=\"elementor-element elementor-element-2daad21 elementor-widget elementor-widget-heading\" data-id=\"2daad21\" data-element_type=\"widget\" data-widget_type=\"heading.default\">\n\t\t\t\t<div class=\"elementor-widget-container\">\n\t\t\t<h5 class=\"elementor-heading-title elementor-size-default\">Varicose Stockings<\/h5>\t\t<\/div>\n\t\t\t\t<\/div>\n\t\t\t\t<div class=\"elementor-element elementor-element-9d7df4c elementor-widget elementor-widget-text-editor\" data-id=\"9d7df4c\" data-element_type=\"widget\" data-widget_type=\"text-editor.default\">\n\t\t\t\t<div class=\"elementor-widget-container\">\n\t\t\t\t\t\t\t<strong>Product Composition:<\/strong>\n<br>\n\n70% Cotton<br>\n18% Polyamid<br>\n<br>\n2% Elastan<br>\n10% Metallized yarn\t\t\t\t\t\t<\/div>\n\t\t\t\t<\/div>\n\t\t<div class=\"elementor-element elementor-element-191383d e-con-full e-flex e-con e-child\" data-id=\"191383d\" data-element_type=\"container\">\n\t\t\t\t<div class=\"elementor-element elementor-element-3e58829 elementor-widget-divider--view-line elementor-widget elementor-widget-divider\" data-id=\"3e58829\" data-element_type=\"widget\" data-widget_type=\"divider.default\">\n\t\t\t\t<div class=\"elementor-widget-container\">\n\t\t\t\t\t<div class=\"elementor-divider\">\n\t\t\t<span class=\"elementor-divider-separator\">\n\t\t\t\t\t\t<\/span>\n\t\t<\/div>\n\t\t\t\t<\/div>\n\t\t\t\t<\/div>\n\t\t\t\t<\/div>\n\t\t<div class=\"elementor-element elementor-element-98dea9f e-con-full e-flex e-con e-child\" data-id=\"98dea9f\" data-element_type=\"container\">\n\t\t\t\t<div class=\"elementor-element elementor-element-6b30a02 elementor-widget elementor-widget-text-editor\" data-id=\"6b30a02\" data-element_type=\"widget\" data-widget_type=\"text-editor.default\">\n\t\t\t\t<div class=\"elementor-widget-container\">\n\t\t\t\t\t\t\t<ul><li><p class=\" translation-block\"><span style=\"color: #ff6600\">Silver threads<\/span> found in sock knitting eliminate heat and sweat caused by pressure, <span style=\"color: #ff6600\">creating a feeling of coolness and freshness<\/span>.<\/p><\/li><li><p class=\" translation-block\">The <span style=\"color: #ff6600\">antibacterial<\/span> properties of silver thread eliminate unpleasant odors, <span style=\"color: #ff6600\">support fungal treatment<\/span> and reduce skin allergies.<\/p><\/li><li class=\" translation-block\">By creating a magnetic field, it increases blood circulation and is most effective in resolving <strong><span style=\"color: #ff6600\">edema<\/span><\/strong> together with pressure.<\/li><li><p class=\" translation-block\">Made of soft fabric, it is <span style=\"color: #ff6600\">easy to put on<\/span> and take off.<\/p><\/li><li class=\" translation-block\">Graduated compression stockings contribute to <span style=\"color: #ff6600\">your vascular health<\/span><\/li><\/ul><ul><li><strong>All features are permanent throughout the life of the product. They do not disappear with washing.<\/strong><\/li><\/ul>\t\t\t\t\t\t<\/div>\n\t\t\t\t<\/div>\n\t\t\t\t<div class=\"elementor-element elementor-element-f3ef732 elementor-widget elementor-widget-text-editor\" data-id=\"f3ef732\" data-element_type=\"widget\" data-widget_type=\"text-editor.default\">\n\t\t\t\t<div class=\"elementor-widget-container\">\n\t\t\t\t\t\t\t<p><strong>Sizes:<\/strong><\/p><p>The measuring system is almost individual. The support stockings adapt easily to the leg. The silver threads incorporated into the fabric provide excellent elasticity and the support stockings are easy to put on and take off.\u00a0<\/p>\t\t\t\t\t\t<\/div>\n\t\t\t\t<\/div>\n\t\t\t\t<\/div>\n\t\t\t\t<\/div>\n\t\t\t\t<\/div>\n\t\t<div class=\"elementor-element elementor-element-245f62e e-con-full e-flex e-con e-child\" data-id=\"245f62e\" data-element_type=\"container\">\n\t\t\t\t<div class=\"elementor-element elementor-element-b92268f elementor-widget elementor-widget-image\" data-id=\"b92268f\" data-element_type=\"widget\" data-widget_type=\"image.default\">\n\t\t\t\t<div class=\"elementor-widget-container\">\n\t\t\t\t\t\t\t\t\t\t\t\t\t<img fetchpriority=\"high\" decoding=\"async\" width=\"683\" height=\"1024\" src=\"https:\/\/www.ecosilver.com.tr\/wp-content\/uploads\/2024\/10\/varis-683x1024.jpg\" class=\"attachment-large size-large wp-image-284\" alt=\"\" srcset=\"https:\/\/www.ecosilver.com.tr\/wp-content\/uploads\/2024\/10\/varis-683x1024.jpg 683w, https:\/\/www.ecosilver.com.tr\/wp-content\/uploads\/2024\/10\/varis-200x300.jpg 200w, https:\/\/www.ecosilver.com.tr\/wp-content\/uploads\/2024\/10\/varis-768x1152.jpg 768w, https:\/\/www.ecosilver.com.tr\/wp-content\/uploads\/2024\/10\/varis-1024x1536.jpg 1024w, https:\/\/www.ecosilver.com.tr\/wp-content\/uploads\/2024\/10\/varis-1365x2048.jpg 1365w, https:\/\/www.ecosilver.com.tr\/wp-content\/uploads\/2024\/10\/varis-scaled.jpg 1707w\" sizes=\"(max-width: 683px) 100vw, 683px\" \/>\t\t\t\t\t\t\t\t\t\t\t\t\t<\/div>\n\t\t\t\t<\/div>\n\t\t\t\t<\/div>\n\t\t\t\t\t<\/div>\n\t\t\t\t<\/div>\n\t\t<div class=\"elementor-element elementor-element-b209795 e-con-full e-flex e-con e-parent\" data-id=\"b209795\" data-element_type=\"container\">\n\t\t\t\t<div class=\"elementor-element elementor-element-7340db8 elementor-invisible elementor-widget elementor-widget-image\" data-id=\"7340db8\" data-element_type=\"widget\" data-settings=\"{&quot;_animation&quot;:&quot;fadeInUp&quot;}\" data-widget_type=\"image.default\">\n\t\t\t\t<div class=\"elementor-widget-container\">\n\t\t\t\t\t\t\t\t\t\t\t\t\t<img decoding=\"async\" width=\"3543\" height=\"1077\" src=\"https:\/\/www.ecosilver.com.tr\/wp-content\/uploads\/2024\/11\/Yeni-Resim-24.png\" class=\"attachment-full size-full wp-image-683\" alt=\"\" srcset=\"https:\/\/www.ecosilver.com.tr\/wp-content\/uploads\/2024\/11\/Yeni-Resim-24.png 3543w, https:\/\/www.ecosilver.com.tr\/wp-content\/uploads\/2024\/11\/Yeni-Resim-24-300x91.png 300w, https:\/\/www.ecosilver.com.tr\/wp-content\/uploads\/2024\/11\/Yeni-Resim-24-1024x311.png 1024w, https:\/\/www.ecosilver.com.tr\/wp-content\/uploads\/2024\/11\/Yeni-Resim-24-768x233.png 768w, https:\/\/www.ecosilver.com.tr\/wp-content\/uploads\/2024\/11\/Yeni-Resim-24-1536x467.png 1536w, https:\/\/www.ecosilver.com.tr\/wp-content\/uploads\/2024\/11\/Yeni-Resim-24-2048x623.png 2048w\" sizes=\"(max-width: 3543px) 100vw, 3543px\" \/>\t\t\t\t\t\t\t\t\t\t\t\t\t<\/div>\n\t\t\t\t<\/div>\n\t\t\t\t<\/div>\n\t\t<div class=\"elementor-element elementor-element-e598157 e-flex e-con-boxed e-con e-parent\" data-id=\"e598157\" data-element_type=\"container\">\n\t\t\t\t\t<div class=\"e-con-inner\">\n\t\t<div class=\"elementor-element elementor-element-79a70dc e-con-full e-flex e-con e-child\" data-id=\"79a70dc\" data-element_type=\"container\">\n\t\t\t\t<div class=\"elementor-element elementor-element-06631b1 elementor-widget elementor-widget-image\" data-id=\"06631b1\" data-element_type=\"widget\" data-widget_type=\"image.default\">\n\t\t\t\t<div class=\"elementor-widget-container\">\n\t\t\t\t\t\t\t\t\t\t\t\t\t<img decoding=\"async\" width=\"1100\" height=\"1052\" src=\"https:\/\/www.ecosilver.com.tr\/wp-content\/uploads\/2024\/11\/4310seyahatcorabi.png\" class=\"attachment-full size-full wp-image-879\" alt=\"\" srcset=\"https:\/\/www.ecosilver.com.tr\/wp-content\/uploads\/2024\/11\/4310seyahatcorabi.png 1100w, https:\/\/www.ecosilver.com.tr\/wp-content\/uploads\/2024\/11\/4310seyahatcorabi-300x287.png 300w, https:\/\/www.ecosilver.com.tr\/wp-content\/uploads\/2024\/11\/4310seyahatcorabi-1024x979.png 1024w, https:\/\/www.ecosilver.com.tr\/wp-content\/uploads\/2024\/11\/4310seyahatcorabi-768x734.png 768w\" sizes=\"(max-width: 1100px) 100vw, 1100px\" \/>\t\t\t\t\t\t\t\t\t\t\t\t\t<\/div>\n\t\t\t\t<\/div>\n\t\t\t\t<\/div>\n\t\t<div class=\"elementor-element elementor-element-622e327 e-con-full e-flex e-con e-child\" data-id=\"622e327\" data-element_type=\"container\">\n\t\t<div class=\"elementor-element elementor-element-dbbcc20 e-con-full e-flex e-con e-child\" data-id=\"dbbcc20\" data-element_type=\"container\">\n\t\t\t\t<div class=\"elementor-element elementor-element-0b56352 elementor-widget elementor-widget-heading\" data-id=\"0b56352\" data-element_type=\"widget\" data-widget_type=\"heading.default\">\n\t\t\t\t<div class=\"elementor-widget-container\">\n\t\t\t<h5 class=\"elementor-heading-title elementor-size-default\">Compression Travel Socks<\/h5>\t\t<\/div>\n\t\t\t\t<\/div>\n\t\t<div class=\"elementor-element elementor-element-7787a3d e-con-full e-grid e-con e-child\" data-id=\"7787a3d\" data-element_type=\"container\">\n\t\t\t\t<div class=\"elementor-element elementor-element-6b943db elementor-widget elementor-widget-heading\" data-id=\"6b943db\" data-element_type=\"widget\" data-widget_type=\"heading.default\">\n\t\t\t\t<div class=\"elementor-widget-container\">\n\t\t\t<h5 class=\"elementor-heading-title elementor-size-default\">Color<\/h5>\t\t<\/div>\n\t\t\t\t<\/div>\n\t\t<div class=\"elementor-element elementor-element-9518691 e-grid e-con-full e-con e-child\" data-id=\"9518691\" data-element_type=\"container\">\n\t\t\t\t<div class=\"elementor-element elementor-element-9fb5c40 elementor-view-default elementor-widget elementor-widget-icon\" data-id=\"9fb5c40\" data-element_type=\"widget\" data-widget_type=\"icon.default\">\n\t\t\t\t<div class=\"elementor-widget-container\">\n\t\t\t\t\t<div class=\"elementor-icon-wrapper\">\n\t\t\t<div class=\"elementor-icon\">\n\t\t\t<svg aria-hidden=\"true\" class=\"e-font-icon-svg e-fas-square-full\" viewbox=\"0 0 512 512\" xmlns=\"http:\/\/www.w3.org\/2000\/svg\"><path d=\"M512 512H0V0h512v512z\"><\/path><\/svg>\t\t\t<\/div>\n\t\t<\/div>\n\t\t\t\t<\/div>\n\t\t\t\t<\/div>\n\t\t\t\t<\/div>\n\t\t\t\t<\/div>\n\t\t\t\t<div class=\"elementor-element elementor-element-cb3e204 elementor-widget elementor-widget-text-editor\" data-id=\"cb3e204\" data-element_type=\"widget\" data-widget_type=\"text-editor.default\">\n\t\t\t\t<div class=\"elementor-widget-container\">\n\t\t\t\t\t\t\t<p><strong>The interior is completely lined with silver mesh.<\/strong><\/p><p>\u2022 Flexible band suitable for daily use.<br \/>\u2022 Silver braid up to knee level.<br \/>\u2022 Special knit that creates pressure on the rear calf area.<br \/>\u2022 By creating a silver mesh magnetic field up to the knee level, it increases blood circulation and dissolves edema in the most effective way.<br \/>\u2022 Reduces fatigue by isolating the static electricity accumulated in the feet.<br \/>Effectively reduces foot coldness and sweating up to the level above the ankle where the silver touches the foot.<br \/>\u2022 Keeps the feet cool in summer and warm in winter with its heat preservation and heat transfer properties.<br \/>\u2022 It prevents foot odor as it stops the formation of bacteria and fungi.<br \/>All features are permanent throughout the life of the product. They do not disappear with washing.<\/p><hr \/><p>Size: 35-38 \/ 39-42<\/p>\t\t\t\t\t\t<\/div>\n\t\t\t\t<\/div>\n\t\t\t\t<\/div>\n\t\t\t\t<\/div>\n\t\t\t\t\t<\/div>\n\t\t\t\t<\/div>\n\t\t<div class=\"elementor-element elementor-element-0bca147 e-flex e-con-boxed e-con e-parent\" data-id=\"0bca147\" data-element_type=\"container\">\n\t\t\t\t\t<div class=\"e-con-inner\">\n\t\t\t\t<div class=\"elementor-element elementor-element-1f96c87 elementor-pagination-position-outside elementor-widget elementor-widget-image-carousel\" data-id=\"1f96c87\" data-element_type=\"widget\" data-settings=\"{&quot;slides_to_show&quot;:&quot;4&quot;,&quot;slides_to_scroll&quot;:&quot;2&quot;,&quot;navigation&quot;:&quot;dots&quot;,&quot;image_spacing_custom&quot;:{&quot;unit&quot;:&quot;px&quot;,&quot;size&quot;:10,&quot;sizes&quot;:[]},&quot;autoplay&quot;:&quot;yes&quot;,&quot;pause_on_hover&quot;:&quot;yes&quot;,&quot;pause_on_interaction&quot;:&quot;yes&quot;,&quot;autoplay_speed&quot;:5000,&quot;infinite&quot;:&quot;yes&quot;,&quot;speed&quot;:500,&quot;image_spacing_custom_tablet&quot;:{&quot;unit&quot;:&quot;px&quot;,&quot;size&quot;:&quot;&quot;,&quot;sizes&quot;:[]},&quot;image_spacing_custom_mobile&quot;:{&quot;unit&quot;:&quot;px&quot;,&quot;size&quot;:&quot;&quot;,&quot;sizes&quot;:[]}}\" data-widget_type=\"image-carousel.default\">\n\t\t\t\t<div class=\"elementor-widget-container\">\n\t\t\t\t\t<div class=\"elementor-image-carousel-wrapper swiper\" dir=\"ltr\">\n\t\t\t<div class=\"elementor-image-carousel swiper-wrapper swiper-image-stretch\" aria-live=\"off\">\n\t\t\t\t\t\t\t\t<div class=\"swiper-slide\" role=\"group\" aria-roledescription=\"slide\" aria-label=\"1 of 6\" data-no-translation-aria-label=\"\"><figure class=\"swiper-slide-inner\"><img decoding=\"async\" class=\"swiper-slide-image\" src=\"https:\/\/www.ecosilver.com.tr\/wp-content\/uploads\/2024\/10\/kulotluvarissiyah-1365x2048.jpg\" alt=\"kulotluvarissiyah\" \/><\/figure><\/div><div class=\"swiper-slide\" role=\"group\" aria-roledescription=\"slide\" aria-label=\"2 of 6\" data-no-translation-aria-label=\"\"><figure class=\"swiper-slide-inner\"><img decoding=\"async\" class=\"swiper-slide-image\" src=\"https:\/\/www.ecosilver.com.tr\/wp-content\/uploads\/2024\/10\/dizustu-1-1365x2048.jpg\" alt=\"diz\u00fcst\u00fc\" \/><\/figure><\/div><div class=\"swiper-slide\" role=\"group\" aria-roledescription=\"slide\" aria-label=\"3 of 6\" data-no-translation-aria-label=\"\"><figure class=\"swiper-slide-inner\"><img decoding=\"async\" class=\"swiper-slide-image\" src=\"https:\/\/www.ecosilver.com.tr\/wp-content\/uploads\/2024\/10\/DIZALTI-1365x2048.jpg\" alt=\"DIZALTI\" \/><\/figure><\/div><div class=\"swiper-slide\" role=\"group\" aria-roledescription=\"slide\" aria-label=\"4 of 6\" data-no-translation-aria-label=\"\"><figure class=\"swiper-slide-inner\"><img decoding=\"async\" class=\"swiper-slide-image\" src=\"https:\/\/www.ecosilver.com.tr\/wp-content\/uploads\/2024\/10\/varis-1365x2048.jpg\" alt=\"varis\" \/><\/figure><\/div><div class=\"swiper-slide\" role=\"group\" aria-roledescription=\"slide\" aria-label=\"5 of 6\" data-no-translation-aria-label=\"\"><figure class=\"swiper-slide-inner\"><img decoding=\"async\" class=\"swiper-slide-image\" src=\"https:\/\/www.ecosilver.com.tr\/wp-content\/uploads\/2024\/10\/IMG_1573-copy-1365x2048.jpg\" alt=\"IMG_1573 copy\" \/><\/figure><\/div><div class=\"swiper-slide\" role=\"group\" aria-roledescription=\"slide\" aria-label=\"6 of 6\" data-no-translation-aria-label=\"\"><figure class=\"swiper-slide-inner\"><img decoding=\"async\" class=\"swiper-slide-image\" src=\"https:\/\/www.ecosilver.com.tr\/wp-content\/uploads\/2024\/10\/IMG_1688-copy-1365x2048.jpg\" alt=\"IMG_1688 copy\" \/><\/figure><\/div>\t\t\t<\/div>\n\t\t\t\t\t\t\t\n\t\t\t\t\t\t\t\t\t<div class=\"swiper-pagination\"><\/div>\n\t\t\t\t\t\t\t\t\t<\/div>\n\t\t\t\t<\/div>\n\t\t\t\t<\/div>\n\t\t\t\t\t<\/div>\n\t\t\t\t<\/div>\n\t\t\t\t<\/div>","protected":false},"excerpt":{"rendered":"<p>G\u00fcm\u00fc\u015f \u00f6rg\u00fc ; bas\u0131n\u00e7la olusan \u0131s\u0131y\u0131 azaltarak daha ferah ve serin hissetmenizi sa\u011flar Antibakteriyel \u00f6zelli\u011fi ile ayak yaras\u0131 ve mantar olu\u015fumunu engeller Varis \u00c7orab\u0131 Varis \u00c7orab\u0131 \u00dcr\u00fcn Komposizyonu: %70 Pamuk %18 Polyamid %2 Elastan %10 Metalize iplik \u00c7orap \u00f6rg\u00fcs\u00fcnde bulunan g\u00fcm\u00fc\u015f iplikler ,bas\u0131nc\u0131n neden oldu\u011fu \u0131s\u0131 ve teri ortadan kald\u0131r\u0131r ,serinlik ve ferahl\u0131k\u00a0 hissi yarat\u0131r. [&hellip;]<\/p>","protected":false},"author":1,"featured_media":0,"parent":0,"menu_order":0,"comment_status":"closed","ping_status":"closed","template":"","meta":{"_joinchat":[],"footnotes":""},"class_list":["post-270","page","type-page","status-publish","hentry"],"_links":{"self":[{"href":"https:\/\/www.ecosilver.com.tr\/en\/wp-json\/wp\/v2\/pages\/270","targetHints":{"allow":["GET"]}}],"collection":[{"href":"https:\/\/www.ecosilver.com.tr\/en\/wp-json\/wp\/v2\/pages"}],"about":[{"href":"https:\/\/www.ecosilver.com.tr\/en\/wp-json\/wp\/v2\/types\/page"}],"author":[{"embeddable":true,"href":"https:\/\/www.ecosilver.com.tr\/en\/wp-json\/wp\/v2\/users\/1"}],"replies":[{"embeddable":true,"href":"https:\/\/www.ecosilver.com.tr\/en\/wp-json\/wp\/v2\/comments?post=270"}],"version-history":[{"count":0,"href":"https:\/\/www.ecosilver.com.tr\/en\/wp-json\/wp\/v2\/pages\/270\/revisions"}],"wp:attachment":[{"href":"https:\/\/www.ecosilver.com.tr\/en\/wp-json\/wp\/v2\/media?parent=270"}],"curies":[{"name":"wp","href":"https:\/\/api.w.org\/{rel}","templated":true}]}}